{"id":2159,"date":"2019-11-01T09:48:41","date_gmt":"2019-11-01T08:48:41","guid":{"rendered":"http:\/\/fk-raszter.hu\/tamogatott-partnereink\/"},"modified":"2021-10-19T00:32:39","modified_gmt":"2021-10-18T22:32:39","slug":"our-sponsored-partners","status":"publish","type":"page","link":"https:\/\/fk-raszter.hu\/en\/our-sponsored-partners\/","title":{"rendered":"OUR SPONSORED PARTNERS"},"content":{"rendered":"&#13;\n<p>Sponsored activites and organizations by<br\/>FK Raszter \u00c9p\u00edt\u0151 Zrt.<\/p>&#13;\n&#13;\n<h2 class=\"wp-block-heading\"><br\/>Culture<\/h2>&#13;\n\r\n<div class=\"wp-block-columns is-layout-flex wp-container-core-columns-layout-1 wp-block-columns-is-layout-flex\">\r\n<div class=\"wp-block-column is-layout-flow wp-block-column-is-layout-flow\">&#13;\n<p>Miskolci Kultur\u00e1lis K\u00f6zpont Nonprofit Kft.<\/p>&#13;\n\r\n\r\n&#13;\n<p>II. R\u00e1k\u00f3czi Ferenc Megyei \u00e9s V\u00e1rosi K\u00f6nyvt\u00e1r<\/p>&#13;\n\r\n\r\n&#13;\n<p>Miskolc Kultur\u00e1lis K\u00f6zpont Nonprofit Kft.<\/p>&#13;\n<\/div>\r\n\r\n\r\n\r\n<div class=\"wp-block-column is-layout-flow wp-block-column-is-layout-flow\"><\/div>\r\n<\/div>\r\n&#13;\n<p><\/p>&#13;\n\r\n<div style=\"height:35px\" aria-hidden=\"true\" class=\"wp-block-spacer\"><\/div>\r\n&#13;\n<h2 class=\"wp-block-heading\">Events<\/h2>&#13;\n&#13;\n<p>N\u0151 A Siker Alap\u00edtv\u00e1nySzederfesztiv\u00e1l<\/p>&#13;\n&#13;\n<p>Barcika Art Kft. (Kolorfesztiv\u00e1l)<\/p>&#13;\n\r\n<div style=\"height:75px\" aria-hidden=\"true\" class=\"wp-block-spacer\"><\/div>\r\n&#13;\n<h2 class=\"wp-block-heading\">SPORT<\/h2>&#13;\n\r\n<div class=\"wp-block-columns is-layout-flex wp-container-core-columns-layout-2 wp-block-columns-is-layout-flex\">\r\n<div class=\"wp-block-column is-layout-flow wp-block-column-is-layout-flow\">&#13;\n<p>Magyar J\u00e9gkorong Sz\u00f6vets\u00e9g<\/p>&#13;\n\r\n\r\n&#13;\n<p>Miskolci Jegesmedve J\u00e9gkorong SE<\/p>&#13;\n\r\n\r\n&#13;\n<p>Miskolci Jegesmedve Sportszervez\u0151 Kft.<\/p>&#13;\n\r\n\r\n&#13;\n<p>B\u00e9lap\u00e1tfalvi Sport K\u00f6zhaszn\u00fa Egyes\u00fclet<\/p>&#13;\n\r\n\r\n&#13;\n<p>MITEKA Miskolci Tehets\u00e9ges Kosarasok\u00e9rt \u00e9s R\u00f6plabd\u00e1sok\u00e9rt Alap\u00edtv\u00e1ny<\/p>&#13;\n\r\n\r\n&#13;\n<p>BVSE-Zugl\u00f3 K\u00f6zhaszn\u00fa Egyes\u00fclet<\/p>&#13;\n\r\n\r\n&#13;\n<p>Di\u00f3sgy\u0151ri R\u00f6plabda Akad\u00e9mia Kft.<\/p>&#13;\n<\/div>\r\n\r\n\r\n\r\n<div class=\"wp-block-column is-layout-flow wp-block-column-is-layout-flow\">\n<div class=\"wp-block-we-we-slider-block image_slider slide\" id=\"slide4\"><div class=\"imgSlider\" data-hidecontrol=\"0\" data-speed=\"5000\"><div><p class=\"slide\"><span class=\"slide-index\" style=\"display:none\">0<\/span><img decoding=\"async\" src=\"http:\/\/fk-raszter.hu\/wp-content\/uploads\/2021\/04\/dvtk-jegesmedvek-csapatkep-miskolc-fkraszter.jpg\"><\/p><\/div><div><p class=\"slide\"><span class=\"slide-index\" style=\"display:none\">1<\/span><img decoding=\"async\" src=\"http:\/\/fk-raszter.hu\/wp-content\/uploads\/2020\/10\/dvtk-noi-roplabda-csapat-2020-2021.jpg\"><\/p><\/div><div><p class=\"slide\"><span class=\"slide-index\" style=\"display:none\">2<\/span><img decoding=\"async\" src=\"http:\/\/fk-raszter.hu\/wp-content\/uploads\/2020\/10\/aluinventdvtk-2020-2021-2000w.jpg\"><\/p><\/div><\/div><\/div>\n<\/div>\r\n<\/div>\r\n","protected":false},"excerpt":{"rendered":"<p>&#13; Sponsored activites and organizations byFK Raszter \u00c9p\u00edt\u0151 Zrt. &#13; &#13; Culture &#13; &#13; Miskolci Kultur\u00e1lis K\u00f6zpont Nonprofit Kft. &#13; &#13; II. R\u00e1k\u00f3czi Ferenc Megyei \u00e9s V\u00e1rosi K\u00f6nyvt\u00e1r &#13; &#13; Miskolc Kultur\u00e1lis K\u00f6zpont Nonprofit Kft. &#13; &#13; &#13; &#13; Events &#13; &#13; N\u0151 A Siker Alap\u00edtv\u00e1nySzederfesztiv\u00e1l &#13; &#13; Barcika Art Kft. (Kolorfesztiv\u00e1l) &#13; &#13; SPORT [&#8230;]\n","protected":false},"author":1,"featured_media":1335,"parent":0,"menu_order":0,"comment_status":"closed","ping_status":"closed","template":"","meta":{"_acf_changed":false,"footnotes":""},"acf":[],"yoast_head":"<!-- This site is optimized with the Yoast SEO plugin v23.5 - https:\/\/yoast.com\/wordpress\/plugins\/seo\/ -->\n<title>OUR SPONSORED PARTNERS - FK-RASZTER \u00c9p\u00edt\u0151 Zrt.<\/title>\n<meta name=\"robots\" content=\"index, follow, max-snippet:-1, max-image-preview:large, max-video-preview:-1\" \/>\n<link rel=\"canonical\" href=\"https:\/\/fk-raszter.hu\/en\/our-sponsored-partners\/\" \/>\n<meta property=\"og:locale\" content=\"en_US\" \/>\n<meta property=\"og:type\" content=\"article\" \/>\n<meta property=\"og:title\" content=\"OUR SPONSORED PARTNERS - FK-RASZTER \u00c9p\u00edt\u0151 Zrt.\" \/>\n<meta property=\"og:description\" content=\"&#013; Sponsored activites and organizations byFK Raszter \u00c9p\u00edt\u0151 Zrt. &#013; &#013; Culture &#013; &#013; Miskolci Kultur\u00e1lis K\u00f6zpont Nonprofit Kft. &#013; &#013; II. R\u00e1k\u00f3czi Ferenc Megyei \u00e9s V\u00e1rosi K\u00f6nyvt\u00e1r &#013; &#013; Miskolc Kultur\u00e1lis K\u00f6zpont Nonprofit Kft. &#013; &#013; &#013; &#013; Events &#013; &#013; N\u0151 A Siker Alap\u00edtv\u00e1nySzederfesztiv\u00e1l &#013; &#013; Barcika Art Kft. (Kolorfesztiv\u00e1l) &#013; &#013; SPORT [...]\" \/>\n<meta property=\"og:url\" content=\"https:\/\/fk-raszter.hu\/en\/our-sponsored-partners\/\" \/>\n<meta property=\"og:site_name\" content=\"FK-RASZTER \u00c9p\u00edt\u0151 Zrt.\" \/>\n<meta property=\"article:modified_time\" content=\"2021-10-18T22:32:39+00:00\" \/>\n<meta property=\"og:image\" content=\"https:\/\/fk-raszter.hu\/wp-content\/uploads\/2020\/10\/aluinventdvtk-2020-2021-2000w.jpg\" \/>\n\t<meta property=\"og:image:width\" content=\"1920\" \/>\n\t<meta property=\"og:image:height\" content=\"1280\" \/>\n\t<meta property=\"og:image:type\" content=\"image\/jpeg\" \/>\n<meta name=\"twitter:card\" content=\"summary_large_image\" \/>\n<meta name=\"twitter:label1\" content=\"Est. reading time\" \/>\n\t<meta name=\"twitter:data1\" content=\"1 minute\" \/>\n<script type=\"application\/ld+json\" class=\"yoast-schema-graph\">{\"@context\":\"https:\/\/schema.org\",\"@graph\":[{\"@type\":\"WebPage\",\"@id\":\"https:\/\/fk-raszter.hu\/en\/our-sponsored-partners\/\",\"url\":\"https:\/\/fk-raszter.hu\/en\/our-sponsored-partners\/\",\"name\":\"OUR SPONSORED PARTNERS - FK-RASZTER \u00c9p\u00edt\u0151 Zrt.\",\"isPartOf\":{\"@id\":\"https:\/\/fk-raszter.hu\/en\/#website\"},\"primaryImageOfPage\":{\"@id\":\"https:\/\/fk-raszter.hu\/en\/our-sponsored-partners\/#primaryimage\"},\"image\":{\"@id\":\"https:\/\/fk-raszter.hu\/en\/our-sponsored-partners\/#primaryimage\"},\"thumbnailUrl\":\"https:\/\/fk-raszter.hu\/wp-content\/uploads\/2020\/10\/aluinventdvtk-2020-2021-2000w.jpg\",\"datePublished\":\"2019-11-01T08:48:41+00:00\",\"dateModified\":\"2021-10-18T22:32:39+00:00\",\"breadcrumb\":{\"@id\":\"https:\/\/fk-raszter.hu\/en\/our-sponsored-partners\/#breadcrumb\"},\"inLanguage\":\"en-US\",\"potentialAction\":[{\"@type\":\"ReadAction\",\"target\":[\"https:\/\/fk-raszter.hu\/en\/our-sponsored-partners\/\"]}]},{\"@type\":\"ImageObject\",\"inLanguage\":\"en-US\",\"@id\":\"https:\/\/fk-raszter.hu\/en\/our-sponsored-partners\/#primaryimage\",\"url\":\"https:\/\/fk-raszter.hu\/wp-content\/uploads\/2020\/10\/aluinventdvtk-2020-2021-2000w.jpg\",\"contentUrl\":\"https:\/\/fk-raszter.hu\/wp-content\/uploads\/2020\/10\/aluinventdvtk-2020-2021-2000w.jpg\",\"width\":1920,\"height\":1280,\"caption\":\"Aluinvent DVTK female basketball team 2020-2021\"},{\"@type\":\"BreadcrumbList\",\"@id\":\"https:\/\/fk-raszter.hu\/en\/our-sponsored-partners\/#breadcrumb\",\"itemListElement\":[{\"@type\":\"ListItem\",\"position\":1,\"name\":\"Kezd\u0151lap\",\"item\":\"https:\/\/fk-raszter.hu\/en\/\"},{\"@type\":\"ListItem\",\"position\":2,\"name\":\"OUR SPONSORED PARTNERS\"}]},{\"@type\":\"WebSite\",\"@id\":\"https:\/\/fk-raszter.hu\/en\/#website\",\"url\":\"https:\/\/fk-raszter.hu\/en\/\",\"name\":\"FK-RASZTER \u00c9p\u00edt\u0151 Zrt.\",\"description\":\"&quot;\u00c9p\u00edt\u00fcnk Egym\u00e1sra!&quot;\",\"potentialAction\":[{\"@type\":\"SearchAction\",\"target\":{\"@type\":\"EntryPoint\",\"urlTemplate\":\"https:\/\/fk-raszter.hu\/en\/?s={search_term_string}\"},\"query-input\":{\"@type\":\"PropertyValueSpecification\",\"valueRequired\":true,\"valueName\":\"search_term_string\"}}],\"inLanguage\":\"en-US\"}]}<\/script>\n<!-- \/ Yoast SEO plugin. -->","yoast_head_json":{"title":"OUR SPONSORED PARTNERS - FK-RASZTER \u00c9p\u00edt\u0151 Zrt.","robots":{"index":"index","follow":"follow","max-snippet":"max-snippet:-1","max-image-preview":"max-image-preview:large","max-video-preview":"max-video-preview:-1"},"canonical":"https:\/\/fk-raszter.hu\/en\/our-sponsored-partners\/","og_locale":"en_US","og_type":"article","og_title":"OUR SPONSORED PARTNERS - FK-RASZTER \u00c9p\u00edt\u0151 Zrt.","og_description":"&#13; Sponsored activites and organizations byFK Raszter \u00c9p\u00edt\u0151 Zrt. &#13; &#13; Culture &#13; &#13; Miskolci Kultur\u00e1lis K\u00f6zpont Nonprofit Kft. &#13; &#13; II. R\u00e1k\u00f3czi Ferenc Megyei \u00e9s V\u00e1rosi K\u00f6nyvt\u00e1r &#13; &#13; Miskolc Kultur\u00e1lis K\u00f6zpont Nonprofit Kft. &#13; &#13; &#13; &#13; Events &#13; &#13; N\u0151 A Siker Alap\u00edtv\u00e1nySzederfesztiv\u00e1l &#13; &#13; Barcika Art Kft. (Kolorfesztiv\u00e1l) &#13; &#13; SPORT [...]","og_url":"https:\/\/fk-raszter.hu\/en\/our-sponsored-partners\/","og_site_name":"FK-RASZTER \u00c9p\u00edt\u0151 Zrt.","article_modified_time":"2021-10-18T22:32:39+00:00","og_image":[{"width":1920,"height":1280,"url":"https:\/\/fk-raszter.hu\/wp-content\/uploads\/2020\/10\/aluinventdvtk-2020-2021-2000w.jpg","type":"image\/jpeg"}],"twitter_card":"summary_large_image","twitter_misc":{"Est. reading time":"1 minute"},"schema":{"@context":"https:\/\/schema.org","@graph":[{"@type":"WebPage","@id":"https:\/\/fk-raszter.hu\/en\/our-sponsored-partners\/","url":"https:\/\/fk-raszter.hu\/en\/our-sponsored-partners\/","name":"OUR SPONSORED PARTNERS - FK-RASZTER \u00c9p\u00edt\u0151 Zrt.","isPartOf":{"@id":"https:\/\/fk-raszter.hu\/en\/#website"},"primaryImageOfPage":{"@id":"https:\/\/fk-raszter.hu\/en\/our-sponsored-partners\/#primaryimage"},"image":{"@id":"https:\/\/fk-raszter.hu\/en\/our-sponsored-partners\/#primaryimage"},"thumbnailUrl":"https:\/\/fk-raszter.hu\/wp-content\/uploads\/2020\/10\/aluinventdvtk-2020-2021-2000w.jpg","datePublished":"2019-11-01T08:48:41+00:00","dateModified":"2021-10-18T22:32:39+00:00","breadcrumb":{"@id":"https:\/\/fk-raszter.hu\/en\/our-sponsored-partners\/#breadcrumb"},"inLanguage":"en-US","potentialAction":[{"@type":"ReadAction","target":["https:\/\/fk-raszter.hu\/en\/our-sponsored-partners\/"]}]},{"@type":"ImageObject","inLanguage":"en-US","@id":"https:\/\/fk-raszter.hu\/en\/our-sponsored-partners\/#primaryimage","url":"https:\/\/fk-raszter.hu\/wp-content\/uploads\/2020\/10\/aluinventdvtk-2020-2021-2000w.jpg","contentUrl":"https:\/\/fk-raszter.hu\/wp-content\/uploads\/2020\/10\/aluinventdvtk-2020-2021-2000w.jpg","width":1920,"height":1280,"caption":"Aluinvent DVTK female basketball team 2020-2021"},{"@type":"BreadcrumbList","@id":"https:\/\/fk-raszter.hu\/en\/our-sponsored-partners\/#breadcrumb","itemListElement":[{"@type":"ListItem","position":1,"name":"Kezd\u0151lap","item":"https:\/\/fk-raszter.hu\/en\/"},{"@type":"ListItem","position":2,"name":"OUR SPONSORED PARTNERS"}]},{"@type":"WebSite","@id":"https:\/\/fk-raszter.hu\/en\/#website","url":"https:\/\/fk-raszter.hu\/en\/","name":"FK-RASZTER \u00c9p\u00edt\u0151 Zrt.","description":"&quot;\u00c9p\u00edt\u00fcnk Egym\u00e1sra!&quot;","potentialAction":[{"@type":"SearchAction","target":{"@type":"EntryPoint","urlTemplate":"https:\/\/fk-raszter.hu\/en\/?s={search_term_string}"},"query-input":{"@type":"PropertyValueSpecification","valueRequired":true,"valueName":"search_term_string"}}],"inLanguage":"en-US"}]}},"_links":{"self":[{"href":"https:\/\/fk-raszter.hu\/en\/wp-json\/wp\/v2\/pages\/2159"}],"collection":[{"href":"https:\/\/fk-raszter.hu\/en\/wp-json\/wp\/v2\/pages"}],"about":[{"href":"https:\/\/fk-raszter.hu\/en\/wp-json\/wp\/v2\/types\/page"}],"author":[{"embeddable":true,"href":"https:\/\/fk-raszter.hu\/en\/wp-json\/wp\/v2\/users\/1"}],"replies":[{"embeddable":true,"href":"https:\/\/fk-raszter.hu\/en\/wp-json\/wp\/v2\/comments?post=2159"}],"version-history":[{"count":5,"href":"https:\/\/fk-raszter.hu\/en\/wp-json\/wp\/v2\/pages\/2159\/revisions"}],"predecessor-version":[{"id":2164,"href":"https:\/\/fk-raszter.hu\/en\/wp-json\/wp\/v2\/pages\/2159\/revisions\/2164"}],"wp:featuredmedia":[{"embeddable":true,"href":"https:\/\/fk-raszter.hu\/en\/wp-json\/wp\/v2\/media\/1335"}],"wp:attachment":[{"href":"https:\/\/fk-raszter.hu\/en\/wp-json\/wp\/v2\/media?parent=2159"}],"curies":[{"name":"wp","href":"https:\/\/api.w.org\/{rel}","templated":true}]}}